{"id":4646,"date":"2016-04-30T07:07:05","date_gmt":"2016-04-30T07:07:05","guid":{"rendered":"http:\/\/www.franrusso.com\/bitacora\/?page_id=4646"},"modified":"2020-09-29T17:05:56","modified_gmt":"2020-09-29T17:05:56","slug":"el-libro-de-los-quizas","status":"publish","type":"page","link":"https:\/\/www.franrusso.com\/libros\/el-libro-de-los-quizas\/","title":{"rendered":"Peque\u00f1o libro de instrucciones humano"},"content":{"rendered":"<p style=\"text-align: justify;\"><span style=\"color: #333333;\"><span style=\"caret-color: #333333;\">Este es mi cuarto libro publicado. A los m\u00e1s de 15.000 que os gust\u00f3 el Libro de los quiz\u00e1s aqu\u00ed ten\u00e9is una especia de continuaci\u00f3n u otra forma de escribirlo. Seguro que no os dejar\u00e1 indiferentes. Que miles de personas me hayan escrito diciendo que El libro de los quiz\u00e1s les cambi\u00f3 la vida impulsa mucho a seguir tratando de compartir y ayudar, a ser \u00fatil, que es lo que toda persona persigue. Gracias de coraz\u00f3n.<\/span><\/span><\/p>\n<p><img  src=\"https:\/\/www.franrusso.com\/libros\/wp-content\/themes\/bokehpro2\/img\/FFFFFF-0.png\"  loading=\"lazy\"  class=\"aligncenter wp-image-4838 img-responsive\"   data-original=\"http:\/\/www.franrusso.com\/libros\/wp-content\/uploads\/2019\/01\/pequeno_libro_de_instrucciones_humano.jpg\" style=\"background-image:url(https:\/\/www.franrusso.com\/libros\/wp-content\/themes\/bokehpro2\/img\/preloader.gif);background-position:center;background-repeat:no-repeat;\"  alt=\"Peque\u00f1o libro de instrucciones humano\" width=\"336\" height=\"448\" \/><\/p>\n<p style=\"text-align: center;\"><span style=\"color: #e8dcd1;\">.<\/span><\/p>\n<h2 style=\"text-align: center;\">\u00bfD\u00f3nde comprarlo en formato digital?<\/h2>\n<p style=\"text-align: center;\">En este enlace de Amazon puedes comprarlo tanto en formato digital para Kindle como en formato papel f\u00edsico.<\/p>\n<p style=\"text-align: center;\"><a href=\"https:\/\/www.amazon.es\/Peque\u00f1o-libro-instrucciones-humano-Ensayo\/dp\/8417284532\">https:\/\/www.amazon.es\/Peque\u00f1o-libro-instrucciones-humano-Ensayo\/dp\/8417284532<\/a><\/p>\n<p><span style=\"color: #ffffff;\">.<\/span><\/p>\n<h2 style=\"text-align: center;\">\u00bfD\u00f3nde comprarlo en formato papel?<\/h2>\n<p style=\"text-align: center;\"><em><strong>Espa\u00f1a<\/strong><\/em><\/p>\n<p style=\"text-align: center;\">Recuerda que hallar\u00e1s <em>El libro de los quiz\u00e1s<\/em> en cualquier librer\u00eda de Espa\u00f1a, sobre todo en <strong>El corte Ingl\u00e9s, FNAC, Carrefour <\/strong>y<strong> librer\u00edas grandes.<\/strong><\/p>\n<p style=\"text-align: center;\">Tambi\u00e9n en Amazon, en los dos formatos en el enlace:<\/p>\n<p style=\"text-align: center;\"><a href=\"https:\/\/www.amazon.es\/Peque\u00f1o-libro-instrucciones-humano-Ensayo\/dp\/8417284532\">https:\/\/www.amazon.es\/Peque\u00f1o-libro-instrucciones-humano-Ensayo\/dp\/8417284532<\/a><\/p>\n<p style=\"text-align: center;\">O en la web de la editorial:<\/p>\n<p style=\"text-align: center;\"><a href=\"https:\/\/www.muevetulengua.com\/libros\/coleccion-ensayo\/194-pequeno-libro-de-instrucciones-humano-fran-russo-.html\">https:\/\/www.muevetulengua.com\/libros\/coleccion-ensayo\/194-pequeno-libro-de-instrucciones-humano-fran-russo-.html<\/a><\/p>\n<p>&nbsp;<\/p>\n<p>&nbsp;<\/p>\n<h1 style=\"text-align: center;\">En breves semanas en AM\u00c9RICA<\/h1>\n<p style=\"text-align: center;\"><em><strong>Argentina<\/strong><\/em><\/p>\n<p style=\"text-align: center;\">Disponible en Librer\u00edas <strong>Yenny\/El ateneo<\/strong><br \/>\n<a href=\"http:\/\/www.yenny-elateneo.com\" target=\"_blank\" rel=\"noopener noreferrer\">www.yenny-elateneo.com<\/a><\/p>\n<p style=\"text-align: center;\">Tambi\u00e9n el libro lo distribuye Ant\u00edgona Libros. Aunque est\u00e9 mal la portada el libro es correcto. Puedes comprarlo directamente <a href=\"http:\/\/www.antigonalibros.com.ar\/busquedaRapida?perPage=18&amp;sortBy=stockAndTitle&amp;value=libro+de+los+quizas\" target=\"_blank\" rel=\"noopener noreferrer\" class=\"broken_link\">aqu\u00ed<\/a>.<\/p>\n<p style=\"text-align: center;\"><em><strong>Chile<\/strong><\/em><\/p>\n<p style=\"text-align: center;\">Librer\u00edas <strong>Contrapunto<\/strong><br \/>\n<a href=\"http:\/\/www.contrapunto.cl\" target=\"_blank\" rel=\"noopener noreferrer\">www.contrapunto.cl<\/a><\/p>\n<p style=\"text-align: center;\"><em><strong>Uruguay<\/strong><\/em><\/p>\n<p style=\"text-align: center;\">Puedes comprarlo en librer\u00edas <strong>Gussilibros<\/strong><br \/>\n<a href=\"http:\/\/www.gussi.com.uy\" target=\"_blank\" rel=\"noopener noreferrer\">www.gussi.com.uy<\/a><\/p>\n<p style=\"text-align: center;\">Tambi\u00e9n el libro lo distribuye <strong>Ant\u00edgona Libros<\/strong>. Aunque est\u00e9 mal la portada el libro es correcto. Puedes comprarlo directamente <a href=\"http:\/\/www.antigonalibros.com.ar\/busquedaRapida?perPage=18&amp;sortBy=stockAndTitle&amp;value=libro+de+los+quizas\" target=\"_blank\" rel=\"noopener noreferrer\" class=\"broken_link\">aqu\u00ed<\/a>.<\/p>\n<p style=\"text-align: center;\"><em><strong>Per\u00fa<\/strong><\/em><\/p>\n<p style=\"text-align: center;\">Librer\u00edasBook &amp; Go<br \/>\n<a href=\"http:\/\/www.bookscompany.pe\" target=\"_blank\" rel=\"noopener noreferrer\">www.bookscompany.pe<\/a><\/p>\n<p style=\"text-align: center;\">En la librer\u00eda <strong>El Virrey de Miraflores<\/strong>. O desde all\u00ed lo distribuyen a todo el pa\u00eds.<\/p>\n<p style=\"text-align: center;\"><em><strong>M\u00e9xico<\/strong><\/em><\/p>\n<p style=\"text-align: center;\">Puedes encontrarlo en librer\u00edas <strong>Gandhi,\u00a0Sanborns, Porr\u00faa, S\u00f3tano, Casa del libro <\/strong>y<strong> P\u00e9ndulo<\/strong>.<\/p>\n<p style=\"text-align: center;\"><em><strong>Paraguay<\/strong><\/em><\/p>\n<p style=\"text-align: center;\">Est\u00e1 en librer\u00edas <strong>El lector<\/strong><\/p>\n<p style=\"text-align: center;\"><em><strong>El Salvador<\/strong><\/em><\/p>\n<p style=\"text-align: center;\">Lo tienes en <strong>Librer\u00eda Internacional<\/strong><\/p>\n<p style=\"text-align: center;\"><em><strong>Costa Rica<\/strong><\/em><\/p>\n<p style=\"text-align: center;\">Puedes hallarlo en <strong>Desarrollos Culturales Costaricenses<\/strong><br \/>\nwww.libreriainternacional.com<\/p>\n<p style=\"text-align: center;\"><em><strong>Guatemala<\/strong><\/em><\/p>\n<p style=\"text-align: center;\">Est\u00e1 en librer\u00edas <strong>Vishnu<\/strong><\/p>\n<p style=\"text-align: center;\"><em><strong>Panam\u00e1<\/strong><\/em><\/p>\n<p style=\"text-align: center;\">El libro est\u00e1 en Librer\u00edas <strong>El hombre de la mancha<\/strong><\/p>\n<p style=\"text-align: center;\"><em><strong>Ecuador<\/strong><\/em><\/p>\n<p style=\"text-align: center;\">Puedes comprarlo en librer\u00edas <strong>Mr.Books<\/strong><\/p>\n<p><span style=\"color: #e8dcd1;\">.<\/span><\/p>\n","protected":false},"excerpt":{"rendered":"<p style=\"text-align: justify;\"><span style=\"color: #333333;\"><span style=\"caret-color: #333333;\">Este es mi cuarto libro publicado. A los m\u00e1s de 15.000 que os gust\u00f3 el Libro de los quiz\u00e1s aqu\u00ed ten\u00e9is una especia de continuaci\u00f3n u otra forma de escribirlo. Seguro que no os dejar\u00e1 indiferentes. Que miles de personas me hayan escrito diciendo que El libro de los quiz\u00e1s les cambi\u00f3 la vida impulsa mucho a seguir tratando de compartir y ayudar, a ser \u00fatil, que es lo que toda persona persigue. Gracias de coraz\u00f3n.<\/span><\/span><\/p>\n<p><a class=\"bp-read_more\" href=\"https:\/\/www.franrusso.com\/libros\/el-libro-de-los-quizas\/\">Ver m\u00e1s<\/a><\/p>\n","protected":false},"author":2,"featured_media":0,"parent":0,"menu_order":0,"comment_status":"closed","ping_status":"closed","template":"","meta":[],"_links":{"self":[{"href":"https:\/\/www.franrusso.com\/libros\/wp-json\/wp\/v2\/pages\/4646"}],"collection":[{"href":"https:\/\/www.franrusso.com\/libros\/wp-json\/wp\/v2\/pages"}],"about":[{"href":"https:\/\/www.franrusso.com\/libros\/wp-json\/wp\/v2\/types\/page"}],"author":[{"embeddable":true,"href":"https:\/\/www.franrusso.com\/libros\/wp-json\/wp\/v2\/users\/2"}],"replies":[{"embeddable":true,"href":"https:\/\/www.franrusso.com\/libros\/wp-json\/wp\/v2\/comments?post=4646"}],"version-history":[{"count":34,"href":"https:\/\/www.franrusso.com\/libros\/wp-json\/wp\/v2\/pages\/4646\/revisions"}],"predecessor-version":[{"id":4857,"href":"https:\/\/www.franrusso.com\/libros\/wp-json\/wp\/v2\/pages\/4646\/revisions\/4857"}],"wp:attachment":[{"href":"https:\/\/www.franrusso.com\/libros\/wp-json\/wp\/v2\/media?parent=4646"}],"curies":[{"name":"wp","href":"https:\/\/api.w.org\/{rel}","templated":true}]}}