{"id":4772,"date":"2018-05-18T14:11:49","date_gmt":"2018-05-18T14:11:49","guid":{"rendered":"http:\/\/www.franrusso.com\/libros\/?page_id=4772"},"modified":"2018-11-01T08:23:12","modified_gmt":"2018-11-01T08:23:12","slug":"el-pastor-que-se-compro-un-ferrari","status":"publish","type":"page","link":"https:\/\/www.franrusso.com\/libros\/el-pastor-que-se-compro-un-ferrari\/","title":{"rendered":"El pastor que se compr\u00f3 un Ferrari"},"content":{"rendered":"<p><img  src=\"https:\/\/www.franrusso.com\/libros\/wp-content\/themes\/bokehpro2\/img\/FFFFFF-0.png\"  loading=\"lazy\"  class=\"aligncenter size-full wp-image-4767 img-responsive\"   data-original=\"http:\/\/www.franrusso.com\/libros\/wp-content\/uploads\/2018\/05\/El-pastor-que-se-compr\u00f3-un-Ferrari.jpg\" style=\"background-image:url(https:\/\/www.franrusso.com\/libros\/wp-content\/themes\/bokehpro2\/img\/preloader.gif);background-position:center;background-repeat:no-repeat;\"  alt=\"El pastor que se compr\u00f3 un Ferrari\" width=\"500\" height=\"666\" \/><\/p>\n<p>&nbsp;<\/p>\n<p><em>Ya est\u00e1 a la venta mi nuevo libro, el tercero. En <\/em>El monje que vendi\u00f3 su Ferrari<em> de Robin Sharma un abogado de \u00e9xito vende su coche para poder viajar a la India y reencontrarse consigo mismo.<\/em><\/p>\n<p><em>Esta es la historia de la persona que lo compr\u00f3, un pastor que sab\u00eda que no deb\u00eda irse a ning\u00fan lugar lejano para encontrar un maestro con una t\u00fanica naranja que le dijera c\u00f3mo deb\u00eda vivir. En esta novela de crecimiento personal, todos somos maestros y la riqueza no est\u00e1 alejada de la espiritualidad.<\/em><\/p>\n<p>&nbsp;<\/p>\n<p>&nbsp;<\/p>\n<h2 style=\"text-align: center;\">\u00bfD\u00f3nde comprarlo en formato digital?<\/h2>\n<p style=\"text-align: center;\">En este enlace de Amazon puedes comprarlo tanto en formato digital para Kindle como en formato papel f\u00edsico.<\/p>\n<p style=\"text-align: center;\"><a href=\"https:\/\/www.amazon.es\/pastor-que-compr\u00f3-Ferrari-par\/dp\/8417284192\" target=\"_blank\" rel=\"noopener\">www.amazon.es\/pastor-que-compr\u00f3-Ferrari-par\/dp\/8417284192<\/a><\/p>\n<p>&nbsp;<\/p>\n<p>&nbsp;<\/p>\n<h2 style=\"text-align: center;\">\u00bfD\u00f3nde comprarlo en formato papel?<\/h2>\n<p>&nbsp;<\/p>\n<p style=\"text-align: center;\"><em><strong>Espa\u00f1a<\/strong><\/em><\/p>\n<p style=\"text-align: center;\">Recuerda que hallar\u00e1s <em>El libro de los quiz\u00e1s<\/em> en cualquier librer\u00eda de Espa\u00f1a, sobre todo en <strong>El corte Ingl\u00e9s, FNAC, Carrefour <\/strong>y<strong> librer\u00edas grandes.<\/strong><\/p>\n<p>Tambi\u00e9n en Amazon, en los dos formatos en el enlace: <a href=\"https:\/\/www.amazon.es\/pastor-que-compr\u00f3-Ferrari-par\/dp\/8417284192\" target=\"_blank\" rel=\"noopener\">https:\/\/www.amazon.es\/pastor-que-compr\u00f3-Ferrari-par\/dp\/8417284192<\/a><\/p>\n<p>O en la web de la editorial: <a href=\"https:\/\/www.muevetulengua.com\/libros\/libros\/152-el-pastor-que-se-compro-un-ferrari-de-fran-russo.html\" target=\"_blank\" rel=\"noopener\">https:\/\/www.muevetulengua.com\/libros\/libros\/152-el-pastor-que-se-compro-un-ferrari-de-fran-russo.html<\/a><\/p>\n<p>&nbsp;<\/p>\n<p style=\"text-align: center;\"><em><strong>Argentina<\/strong><\/em><\/p>\n<p style=\"text-align: center;\">Disponible en Librer\u00edas <strong>Yenny\/El ateneo<\/strong><br \/>\n<a href=\"http:\/\/www.yenny-elateneo.com\" target=\"_blank\" rel=\"noopener\">www.yenny-elateneo.com<\/a><\/p>\n<p style=\"text-align: center;\">Tambi\u00e9n el libro lo distribuye Ant\u00edgona Libros. Aunque est\u00e9 mal la portada el libro es correcto. Puedes comprarlo directamente <a href=\"http:\/\/www.antigonalibros.com.ar\/busquedaRapida?perPage=18&amp;sortBy=stockAndTitle&amp;value=libro+de+los+quizas\" target=\"_blank\" rel=\"noopener\" class=\"broken_link\">aqu\u00ed<\/a>.<\/p>\n<p>&nbsp;<\/p>\n<p style=\"text-align: center;\"><em><strong>Chile<\/strong><\/em><\/p>\n<p style=\"text-align: center;\">Librer\u00edas <strong>Contrapunto<\/strong><br \/>\n<a href=\"http:\/\/www.contrapunto.cl\" target=\"_blank\" rel=\"noopener\">www.contrapunto.cl<\/a><\/p>\n<p>&nbsp;<\/p>\n<p style=\"text-align: center;\"><em><strong>Uruguay<\/strong><\/em><\/p>\n<p style=\"text-align: center;\">Puedes comprarlo en librer\u00edas <strong>Gussilibros<\/strong><br \/>\n<a href=\"http:\/\/www.gussi.com.uy\" target=\"_blank\" rel=\"noopener\">www.gussi.com.uy<\/a><\/p>\n<p style=\"text-align: center;\">Tambi\u00e9n el libro lo distribuye <strong>Ant\u00edgona Libros<\/strong>. Aunque est\u00e9 mal la portada el libro es correcto. Puedes comprarlo directamente <a href=\"http:\/\/www.antigonalibros.com.ar\/busquedaRapida?perPage=18&amp;sortBy=stockAndTitle&amp;value=libro+de+los+quizas\" target=\"_blank\" rel=\"noopener\" class=\"broken_link\">aqu\u00ed<\/a>.<\/p>\n<p>&nbsp;<\/p>\n<p style=\"text-align: center;\"><em><strong>Per\u00fa<\/strong><\/em><\/p>\n<p style=\"text-align: center;\">Librer\u00edasBook &amp; Go<br \/>\n<a href=\"http:\/\/www.bookscompany.pe\" target=\"_blank\" rel=\"noopener\">www.bookscompany.pe<\/a><\/p>\n<p style=\"text-align: center;\">En la librer\u00eda <strong>El Virrey de Miraflores<\/strong>. O desde all\u00ed lo distribuyen a todo el pa\u00eds.<\/p>\n<p>&nbsp;<\/p>\n<p style=\"text-align: center;\"><em><strong>M\u00e9xico<\/strong><\/em><\/p>\n<p style=\"text-align: center;\">Puedes encontrarlo en librer\u00edas <strong>Gandhi,\u00a0Sanborns, Porr\u00faa, S\u00f3tano, Casa del libro <\/strong>y<strong> P\u00e9ndulo<\/strong>.<\/p>\n<p>&nbsp;<\/p>\n<p style=\"text-align: center;\"><em><strong>Paraguay<\/strong><\/em><\/p>\n<p style=\"text-align: center;\">Est\u00e1 en librer\u00edas <strong>El lector<\/strong><\/p>\n<p>&nbsp;<\/p>\n<p style=\"text-align: center;\"><em><strong>El Salvador<\/strong><\/em><\/p>\n<p style=\"text-align: center;\">Lo tienes en <strong>Librer\u00eda Internacional<\/strong><\/p>\n<p>&nbsp;<\/p>\n<p style=\"text-align: center;\"><em><strong>Costa Rica<\/strong><\/em><\/p>\n<p style=\"text-align: center;\">Puedes hallarlo en <strong>Desarrollos Culturales Costaricenses<\/strong><br \/>\nwww.libreriainternacional.com<\/p>\n<p>&nbsp;<\/p>\n<p style=\"text-align: center;\"><em><strong>Guatemala<\/strong><\/em><\/p>\n<p style=\"text-align: center;\">Est\u00e1 en librer\u00edas <strong>Vishnu<\/strong><\/p>\n<p>&nbsp;<\/p>\n<p style=\"text-align: center;\"><em><strong>Panam\u00e1<\/strong><\/em><\/p>\n<p style=\"text-align: center;\">El libro est\u00e1 en Librer\u00edas <strong>El hombre de la mancha<\/strong><\/p>\n<p>&nbsp;<\/p>\n<p style=\"text-align: center;\"><em><strong>Ecuador<\/strong><\/em><\/p>\n<p style=\"text-align: center;\">Puedes comprarlo en librer\u00edas <strong>Mr.Books<\/strong><\/p>\n<p style=\"text-align: center;\">.<\/p>\n","protected":false},"excerpt":{"rendered":"<\/p>\n<p><a class=\"bp-read_more\" href=\"https:\/\/www.franrusso.com\/libros\/el-pastor-que-se-compro-un-ferrari\/\">Ver m\u00e1s<\/a><\/p>\n","protected":false},"author":2,"featured_media":0,"parent":0,"menu_order":0,"comment_status":"open","ping_status":"open","template":"","meta":[],"_links":{"self":[{"href":"https:\/\/www.franrusso.com\/libros\/wp-json\/wp\/v2\/pages\/4772"}],"collection":[{"href":"https:\/\/www.franrusso.com\/libros\/wp-json\/wp\/v2\/pages"}],"about":[{"href":"https:\/\/www.franrusso.com\/libros\/wp-json\/wp\/v2\/types\/page"}],"author":[{"embeddable":true,"href":"https:\/\/www.franrusso.com\/libros\/wp-json\/wp\/v2\/users\/2"}],"replies":[{"embeddable":true,"href":"https:\/\/www.franrusso.com\/libros\/wp-json\/wp\/v2\/comments?post=4772"}],"version-history":[{"count":15,"href":"https:\/\/www.franrusso.com\/libros\/wp-json\/wp\/v2\/pages\/4772\/revisions"}],"predecessor-version":[{"id":4804,"href":"https:\/\/www.franrusso.com\/libros\/wp-json\/wp\/v2\/pages\/4772\/revisions\/4804"}],"wp:attachment":[{"href":"https:\/\/www.franrusso.com\/libros\/wp-json\/wp\/v2\/media?parent=4772"}],"curies":[{"name":"wp","href":"https:\/\/api.w.org\/{rel}","templated":true}]}}