{"id":4842,"date":"2019-01-20T09:41:50","date_gmt":"2019-01-20T09:41:50","guid":{"rendered":"http:\/\/www.franrusso.com\/libros\/?page_id=4842"},"modified":"2020-09-29T16:58:44","modified_gmt":"2020-09-29T16:58:44","slug":"el-libro-de-los-quizas-2","status":"publish","type":"page","link":"https:\/\/www.franrusso.com\/libros\/el-libro-de-los-quizas-2\/","title":{"rendered":"El libro de los quiz\u00e1s"},"content":{"rendered":"<p>Con m\u00e1s de 15.000 ejemplares vendidos en Espa\u00f1a y Am\u00e9rica os quiero dar las gracias. Pero sobre todo os quiero dar las gracias por todos esos mensajes en que me dec\u00eds que este libro os ha cambiado la vida. Como siempre respondo, eso no es cierto, la hab\u00e9is cambiado vosotros mismos.<\/p>\n<p>Ese libro solo ha sido convocado para recordar algunas cosas, pero el m\u00e9rito es siempre vuestro. Somos responsables de nuestras vidas y hacemos que sean maravillosas o no.<\/p>\n<p><img  src=\"https:\/\/www.franrusso.com\/libros\/wp-content\/themes\/bokehpro2\/img\/FFFFFF-0.png\"  loading=\"lazy\"  class=\"aligncenter size-full wp-image-4736 img-responsive\"   data-original=\"http:\/\/www.franrusso.com\/libros\/wp-content\/uploads\/2016\/04\/el-libro-de-los-quizas.jpg\" style=\"background-image:url(https:\/\/www.franrusso.com\/libros\/wp-content\/themes\/bokehpro2\/img\/preloader.gif);background-position:center;background-repeat:no-repeat;\"  alt=\"El libro de los quiz\u00e1s\" width=\"322\" height=\"439\" \/><\/p>\n<p>&nbsp;<\/p>\n<p style=\"text-align: center;\">Gracias de coraz\u00f3n por rese\u00f1as como esta: <a href=\"https:\/\/algunoslibrosbuenos.com\/libro-los-quizas\" target=\"_blank\" rel=\"noopener noreferrer\">https:\/\/algunoslibrosbuenos.com\/libro-los-quizas<\/a><\/p>\n<p>&nbsp;<\/p>\n<p><iframe title=\"El libro de los quiz\u00e1s . Lectura del primer cap\u00edtulo por el autor, Fran Russo\" width=\"500\" height=\"281\" src=\"https:\/\/www.youtube.com\/embed\/yAr8_azoqZU?feature=oembed\" frameborder=\"0\" allow=\"accelerometer; autoplay; clipboard-write; encrypted-media; gyroscope; picture-in-picture\" allowfullscreen><\/iframe><\/p>\n<h2 style=\"text-align: center;\">\u00bfD\u00f3nde comprarlo en formato digital?<\/h2>\n<p style=\"text-align: center;\">En este enlace de Amazon puedes comprarlo tanto en formato digital para Kindle como en formato papel f\u00edsico.<\/p>\n<p style=\"text-align: center;\"><a href=\"https:\/\/www.amazon.es\/LIBRO-LOS-QUIZ\u00c1S-Viva-vida\/dp\/8494516248\/ref=sr_1_1?ie=UTF8&amp;qid=1547976720&amp;sr=8-1&amp;keywords=libro+de+los+quizas\" target=\"_blank\" rel=\"noopener noreferrer\">https:\/\/www.amazon.es\/LIBRO-LOS-QUIZ\u00c1S-Viva-vida\/dp\/8494516248\/ref=sr_1_1?ie=UTF8&amp;qid=1547976720&amp;sr=8-1&amp;keywords=libro+de+los+quizas<\/a><\/p>\n<p><span style=\"color: #ffffff;\">.<\/span><\/p>\n<h2 style=\"text-align: center;\">\u00bfD\u00f3nde comprarlo en formato papel?<\/h2>\n<p style=\"text-align: center;\"><em><strong>Espa\u00f1a<\/strong><\/em><\/p>\n<p style=\"text-align: center;\">Recuerda que hallar\u00e1s <em>El libro de los quiz\u00e1s<\/em> en cualquier librer\u00eda de Espa\u00f1a, sobre todo en <strong>El corte Ingl\u00e9s, FNAC, Carrefour <\/strong>y<strong> librer\u00edas grandes.<\/strong><\/p>\n<p style=\"text-align: center;\">Tambi\u00e9n en Amazon, en los dos formatos en el enlace:<\/p>\n<p style=\"text-align: center;\"><a href=\"https:\/\/www.amazon.es\/LIBRO-LOS-QUIZ\u00c1S-Viva-vida\/dp\/8494516248\/ref=sr_1_1?ie=UTF8&amp;qid=1547976720&amp;sr=8-1&amp;keywords=libro+de+los+quizas\" target=\"_blank\" rel=\"noopener noreferrer\">https:\/\/www.amazon.es\/LIBRO-LOS-QUIZ\u00c1S-Viva-vida\/dp\/8494516248\/ref=sr_1_1?ie=UTF8&amp;qid=1547976720&amp;sr=8-1&amp;keywords=libro+de+los+quizas<\/a><\/p>\n<p style=\"text-align: center;\">O en la web de la editorial:<\/p>\n<p style=\"text-align: center;\"><a href=\"https:\/\/www.muevetulengua.com\/libros\/con-un-par\/55-el-libro-de-los-quizas-de-fran-russo.html\" target=\"_blank\" rel=\"noopener noreferrer\">https:\/\/www.muevetulengua.com\/libros\/con-un-par\/55-el-libro-de-los-quizas-de-fran-russo.html<\/a><\/p>\n<p>&nbsp;<\/p>\n<p>&nbsp;<\/p>\n<h1 style=\"text-align: center;\">De venta en AM\u00c9RICA<\/h1>\n<p style=\"text-align: center;\"><em><strong>Argentina<\/strong><\/em><\/p>\n<p style=\"text-align: center;\">Disponible en Librer\u00edas <strong>Yenny\/El ateneo<\/strong><br \/>\n<a href=\"http:\/\/www.yenny-elateneo.com\" target=\"_blank\" rel=\"noopener noreferrer\">www.yenny-elateneo.com<\/a><\/p>\n<p style=\"text-align: center;\">Tambi\u00e9n el libro lo distribuye Ant\u00edgona Libros. Aunque est\u00e9 mal la portada el libro es correcto. Puedes comprarlo directamente <a href=\"http:\/\/www.antigonalibros.com.ar\/busquedaRapida?perPage=18&amp;sortBy=stockAndTitle&amp;value=libro+de+los+quizas\" target=\"_blank\" rel=\"noopener noreferrer\" class=\"broken_link\">aqu\u00ed<\/a>.<\/p>\n<p style=\"text-align: center;\"><em><strong>Chile<\/strong><\/em><\/p>\n<p style=\"text-align: center;\">Librer\u00edas <strong>Contrapunto<\/strong><br \/>\n<a href=\"http:\/\/www.contrapunto.cl\" target=\"_blank\" rel=\"noopener noreferrer\">www.contrapunto.cl<\/a><\/p>\n<p style=\"text-align: center;\"><em><strong>Uruguay<\/strong><\/em><\/p>\n<p style=\"text-align: center;\">Puedes comprarlo en librer\u00edas <strong>Gussilibros<\/strong><br \/>\n<a href=\"http:\/\/www.gussi.com.uy\" target=\"_blank\" rel=\"noopener noreferrer\">www.gussi.com.uy<\/a><\/p>\n<p style=\"text-align: center;\">Tambi\u00e9n el libro lo distribuye <strong>Ant\u00edgona Libros<\/strong>. Aunque est\u00e9 mal la portada el libro es correcto. Puedes comprarlo directamente <a href=\"http:\/\/www.antigonalibros.com.ar\/busquedaRapida?perPage=18&amp;sortBy=stockAndTitle&amp;value=libro+de+los+quizas\" target=\"_blank\" rel=\"noopener noreferrer\" class=\"broken_link\">aqu\u00ed<\/a>.<\/p>\n<p style=\"text-align: center;\"><em><strong>Per\u00fa<\/strong><\/em><\/p>\n<p style=\"text-align: center;\">Librer\u00edasBook &amp; Go<br \/>\n<a href=\"http:\/\/www.bookscompany.pe\" target=\"_blank\" rel=\"noopener noreferrer\">www.bookscompany.pe<\/a><\/p>\n<p style=\"text-align: center;\">En la librer\u00eda <strong>El Virrey de Miraflores<\/strong>. O desde all\u00ed lo distribuyen a todo el pa\u00eds.<\/p>\n<p style=\"text-align: center;\"><em><strong>M\u00e9xico<\/strong><\/em><\/p>\n<p style=\"text-align: center;\">Puedes encontrarlo en librer\u00edas <strong>Gandhi,\u00a0Sanborns, Porr\u00faa, S\u00f3tano, Casa del libro <\/strong>y<strong> P\u00e9ndulo<\/strong>.<\/p>\n<p style=\"text-align: center;\"><em><strong>Paraguay<\/strong><\/em><\/p>\n<p style=\"text-align: center;\">Est\u00e1 en librer\u00edas <strong>El lector<\/strong><\/p>\n<p style=\"text-align: center;\"><em><strong>El Salvador<\/strong><\/em><\/p>\n<p style=\"text-align: center;\">Lo tienes en <strong>Librer\u00eda Internacional<\/strong><\/p>\n<p style=\"text-align: center;\"><em><strong>Costa Rica<\/strong><\/em><\/p>\n<p style=\"text-align: center;\">Puedes hallarlo en <strong>Desarrollos Culturales Costaricenses<\/strong><br \/>\nwww.libreriainternacional.com<\/p>\n<p style=\"text-align: center;\"><em><strong>Guatemala<\/strong><\/em><\/p>\n<p style=\"text-align: center;\">Est\u00e1 en librer\u00edas <strong>Vishnu<\/strong><\/p>\n<p style=\"text-align: center;\"><em><strong>Panam\u00e1<\/strong><\/em><\/p>\n<p style=\"text-align: center;\">El libro est\u00e1 en Librer\u00edas <strong>El hombre de la mancha<\/strong><\/p>\n<p style=\"text-align: center;\"><em><strong>Ecuador<\/strong><\/em><\/p>\n<p style=\"text-align: center;\">Puedes comprarlo en librer\u00edas <strong>Mr.Books<\/strong><\/p>\n<p><span style=\"color: #e8dcd1;\">.<\/span><\/p>\n<p style=\"text-align: center;\">Tambi\u00e9n en Amazon, en los dos formatos en el enlace:<\/p>\n<p style=\"text-align: center;\"><a href=\"https:\/\/www.amazon.es\/LIBRO-LOS-QUIZ\u00c1S-Viva-vida\/dp\/8494516248\/ref=sr_1_1?ie=UTF8&amp;qid=1547976720&amp;sr=8-1&amp;keywords=libro+de+los+quizas\" target=\"_blank\" rel=\"noopener noreferrer\">https:\/\/www.amazon.es\/LIBRO-LOS-QUIZ\u00c1S-Viva-vida\/dp\/8494516248\/ref=sr_1_1?ie=UTF8&amp;qid=1547976720&amp;sr=8-1&amp;keywords=libro+de+los+quizas<\/a><\/p>\n<p>&nbsp;<\/p>\n<p style=\"text-align: center;\">O en la web de la editorial:<\/p>\n<p style=\"text-align: center;\"><a href=\"https:\/\/www.muevetulengua.com\/libros\/con-un-par\/55-el-libro-de-los-quizas-de-fran-russo.html\" target=\"_blank\" rel=\"noopener noreferrer\">https:\/\/www.muevetulengua.com\/libros\/con-un-par\/55-el-libro-de-los-quizas-de-fran-russo.html<\/a><\/p>\n<p><span style=\"color: #ffffff;\">.<\/span><\/p>\n","protected":false},"excerpt":{"rendered":"<p>Con m\u00e1s de 15.000 ejemplares vendidos en Espa\u00f1a y Am\u00e9rica os quiero dar las gracias. Pero sobre todo os quiero dar las gracias por todos esos mensajes en que me dec\u00eds que este libro os ha cambiado la vida. Como siempre respondo, eso no es cierto, la hab\u00e9is cambiado vosotros mismos.<\/p>\n<p><a class=\"bp-read_more\" href=\"https:\/\/www.franrusso.com\/libros\/el-libro-de-los-quizas-2\/\">Ver m\u00e1s<\/a><\/p>\n","protected":false},"author":2,"featured_media":0,"parent":0,"menu_order":0,"comment_status":"open","ping_status":"open","template":"","meta":[],"_links":{"self":[{"href":"https:\/\/www.franrusso.com\/libros\/wp-json\/wp\/v2\/pages\/4842"}],"collection":[{"href":"https:\/\/www.franrusso.com\/libros\/wp-json\/wp\/v2\/pages"}],"about":[{"href":"https:\/\/www.franrusso.com\/libros\/wp-json\/wp\/v2\/types\/page"}],"author":[{"embeddable":true,"href":"https:\/\/www.franrusso.com\/libros\/wp-json\/wp\/v2\/users\/2"}],"replies":[{"embeddable":true,"href":"https:\/\/www.franrusso.com\/libros\/wp-json\/wp\/v2\/comments?post=4842"}],"version-history":[{"count":6,"href":"https:\/\/www.franrusso.com\/libros\/wp-json\/wp\/v2\/pages\/4842\/revisions"}],"predecessor-version":[{"id":4854,"href":"https:\/\/www.franrusso.com\/libros\/wp-json\/wp\/v2\/pages\/4842\/revisions\/4854"}],"wp:attachment":[{"href":"https:\/\/www.franrusso.com\/libros\/wp-json\/wp\/v2\/media?parent=4842"}],"curies":[{"name":"wp","href":"https:\/\/api.w.org\/{rel}","templated":true}]}}