{"id":4853,"date":"2020-09-29T17:05:22","date_gmt":"2020-09-29T17:05:22","guid":{"rendered":"http:\/\/www.franrusso.com\/libros\/?page_id=4853"},"modified":"2020-09-29T17:05:22","modified_gmt":"2020-09-29T17:05:22","slug":"ariadna-y-el-manual-para-convocar-casualidades","status":"publish","type":"page","link":"https:\/\/www.franrusso.com\/libros\/","title":{"rendered":"Ariadna y el manual para convocar casualidades"},"content":{"rendered":"<p>La editorial Planeta publica mi \u00faltimo libro. Cuando Ariadna encontr\u00f3 el libro, todo en su vida comenz\u00f3 a cambiar. En la portada pon\u00eda que era un manual para convocar casualidades y, en efecto, as\u00ed era. La primera casualidad fue encontrarlo, las que vinieron despu\u00e9s trastocar\u00edan sus d\u00edas para siempre.<\/p>\n<p>Hay libros que entretienen; otros son maravillosamente bellos, pero algunos, solo unos pocos, tienen la capacidad de cambiarte la vida.<\/p>\n<p><img  src=\"https:\/\/www.franrusso.com\/libros\/wp-content\/themes\/bokehpro2\/img\/FFFFFF-0.png\"  loading=\"lazy\"  class=\"aligncenter size-full wp-image-4855 img-responsive\"   data-original=\"http:\/\/www.franrusso.com\/libros\/wp-content\/uploads\/2020\/09\/portada_ariadna-y-el-manual-para-convocar-casualidades_fran-russo_202007091245.jpg\" style=\"background-image:url(https:\/\/www.franrusso.com\/libros\/wp-content\/themes\/bokehpro2\/img\/preloader.gif);background-position:center;background-repeat:no-repeat;\"  alt=\"Fran Russo\" width=\"250\" height=\"375\" \/><\/p>\n<h2><\/h2>\n<h2 style=\"text-align: center;\">Leer un fragmento<\/h2>\n<p style=\"text-align: center;\">Puedes comprarlo en la p\u00e1gina de la editorial Planeta y leer un fragmento <a href=\"https:\/\/www.planetadelibros.com\/libro-ariadna-y-el-manual-para-convocar-casualidades\/318665\">aqu\u00ed<\/a><\/p>\n<p>&nbsp;<\/p>\n<h2 style=\"text-align: center;\">\u00bfD\u00f3nde comprarlo en formato papel?<\/h2>\n<p style=\"text-align: center;\"><em><strong>Espa\u00f1a<\/strong><\/em><\/p>\n<p style=\"text-align: center;\">Recuerda que hallar\u00e1s <em>El libro de los quiz\u00e1s<\/em> en cualquier librer\u00eda de Espa\u00f1a, sobre todo en <strong>El corte Ingl\u00e9s, FNAC, Carrefour <\/strong>y<strong> librer\u00edas grandes.<\/strong><\/p>\n<p style=\"text-align: center;\">Tambi\u00e9n en Amazon, en los dos formatos en el enlace:<\/p>\n<p style=\"text-align: center;\"><a href=\"https:\/\/www.amazon.es\/Ariadna-convocar-casualidades-Espa%C3%B1oles-Iberoamericanos\/dp\/8408232401\">Comprar en Amazon<\/a><\/p>\n<p>&nbsp;<\/p>\n<h1 style=\"text-align: center;\">En Am\u00e9rica solo disponible Online, pronto en papel<\/h1>\n<p style=\"text-align: center;\"><a href=\"https:\/\/www.amazon.es\/Ariadna-convocar-casualidades-Espa%C3%B1oles-Iberoamericanos\/dp\/8408232401\">Comprar en Amazon<\/a> tanto en papel como online.<\/p>\n","protected":false},"excerpt":{"rendered":"<p>La editorial Planeta publica mi \u00faltimo libro. Cuando Ariadna encontr\u00f3 el libro, todo en su vida comenz\u00f3 a cambiar. En la portada pon\u00eda que era un manual para convocar casualidades y, en efecto, as\u00ed era. La primera casualidad fue encontrarlo, las que vinieron despu\u00e9s trastocar\u00edan sus d\u00edas para siempre.<\/p>\n<p><a class=\"bp-read_more\" href=\"https:\/\/www.franrusso.com\/libros\/\">Ver m\u00e1s<\/a><\/p>\n","protected":false},"author":2,"featured_media":0,"parent":0,"menu_order":0,"comment_status":"open","ping_status":"open","template":"","meta":[],"_links":{"self":[{"href":"https:\/\/www.franrusso.com\/libros\/wp-json\/wp\/v2\/pages\/4853"}],"collection":[{"href":"https:\/\/www.franrusso.com\/libros\/wp-json\/wp\/v2\/pages"}],"about":[{"href":"https:\/\/www.franrusso.com\/libros\/wp-json\/wp\/v2\/types\/page"}],"author":[{"embeddable":true,"href":"https:\/\/www.franrusso.com\/libros\/wp-json\/wp\/v2\/users\/2"}],"replies":[{"embeddable":true,"href":"https:\/\/www.franrusso.com\/libros\/wp-json\/wp\/v2\/comments?post=4853"}],"version-history":[{"count":1,"href":"https:\/\/www.franrusso.com\/libros\/wp-json\/wp\/v2\/pages\/4853\/revisions"}],"predecessor-version":[{"id":4856,"href":"https:\/\/www.franrusso.com\/libros\/wp-json\/wp\/v2\/pages\/4853\/revisions\/4856"}],"wp:attachment":[{"href":"https:\/\/www.franrusso.com\/libros\/wp-json\/wp\/v2\/media?parent=4853"}],"curies":[{"name":"wp","href":"https:\/\/api.w.org\/{rel}","templated":true}]}}